{"id":763,"date":"2019-03-28T14:36:48","date_gmt":"2019-03-28T14:36:48","guid":{"rendered":"https:\/\/demo.hashthemes.com\/square-plus\/main-demo\/?page_id=763"},"modified":"2022-01-31T08:46:16","modified_gmt":"2022-01-31T08:46:16","slug":"contact-us","status":"publish","type":"page","link":"http:\/\/www.sistemasmsc.com.mx\/index.php\/contact-us\/","title":{"rendered":"Contactanos"},"content":{"rendered":"\t\t<div data-elementor-type=\"wp-post\" data-elementor-id=\"763\" class=\"elementor elementor-763\">\n\t\t\t\t\t\t<section class=\"elementor-section elementor-top-section elementor-element elementor-element-497293aa elementor-section-boxed elementor-section-height-default elementor-section-height-default\" data-id=\"497293aa\" data-element_type=\"section\">\n\t\t\t\t\t\t<div class=\"elementor-container elementor-column-gap-default\">\n\t\t\t\t\t<div class=\"elementor-column elementor-col-100 elementor-top-column elementor-element elementor-element-57c3eda3\" data-id=\"57c3eda3\" data-element_type=\"column\">\n\t\t\t<div class=\"elementor-widget-wrap elementor-element-populated\">\n\t\t\t\t\t\t<div class=\"elementor-element elementor-element-57e2bbf9 elementor-widget elementor-widget-text-editor\" data-id=\"57e2bbf9\" data-element_type=\"widget\" data-widget_type=\"text-editor.default\">\n\t\t\t\t<div class=\"elementor-widget-container\">\n\t\t\t\t\t\t\t\t\t<h3>Domicilio<\/h3><p>Alhel\u00ed 175 P.A., Col. Portal de San Roque, Ju\u00e1rez NL C.P. 67277<\/p><h3>Email<\/h3><p>info@sistemasmsc.com.mx<\/p><h3>Phone<\/h3><p>+52 8124735989<\/p><p><iframe style=\"border: 0;\" src=\"https:\/\/www.google.com\/maps\/embed?pb=!1m18!1m12!1m3!1d3596.5832747427557!2d-100.14106858550626!3d25.651952819396136!2m3!1f0!2f0!3f0!3m2!1i1024!2i768!4f13.1!3m3!1m2!1s0x8662c24f867177d5%3A0xa16661260ca7d705!2sSistemas%20MSC!5e0!3m2!1ses!2smx!4v1627230956707!5m2!1ses!2smx\" width=\"600\" height=\"450\" allowfullscreen=\"allowfullscreen\"><\/iframe><\/p><h2>ESCRIBANOS<\/h2>\t\t\t\t\t\t\t\t<\/div>\n\t\t\t\t<\/div>\n\t\t\t\t\t<\/div>\n\t\t<\/div>\n\t\t\t\t\t<\/div>\n\t\t<\/section>\n\t\t\t\t<section class=\"elementor-section elementor-top-section elementor-element elementor-element-e995b0b elementor-section-boxed elementor-section-height-default elementor-section-height-default\" data-id=\"e995b0b\" data-element_type=\"section\">\n\t\t\t\t\t\t<div class=\"elementor-container elementor-column-gap-default\">\n\t\t\t\t\t<div class=\"elementor-column elementor-col-100 elementor-top-column elementor-element elementor-element-aeef06c\" data-id=\"aeef06c\" data-element_type=\"column\">\n\t\t\t<div class=\"elementor-widget-wrap\">\n\t\t\t\t\t\t\t<\/div>\n\t\t<\/div>\n\t\t\t\t\t<\/div>\n\t\t<\/section>\n\t\t\t\t<\/div>\n\t\t","protected":false},"excerpt":{"rendered":"<p>Domicilio Alhel\u00ed 175 P.A., Col. Portal de San Roque, Ju\u00e1rez NL C.P. 67277 Email info@sistemasmsc.com.mx Phone +52 8124735989 ESCRIBANOS Tu nombre Tu correo electr\u00f3nico Asunto Tu mensaje (opcional)<\/p>\n","protected":false},"author":1,"featured_media":0,"parent":0,"menu_order":0,"comment_status":"closed","ping_status":"closed","template":"","meta":{"footnotes":""},"class_list":["post-763","page","type-page","status-publish","hentry"],"_links":{"self":[{"href":"http:\/\/www.sistemasmsc.com.mx\/index.php\/wp-json\/wp\/v2\/pages\/763"}],"collection":[{"href":"http:\/\/www.sistemasmsc.com.mx\/index.php\/wp-json\/wp\/v2\/pages"}],"about":[{"href":"http:\/\/www.sistemasmsc.com.mx\/index.php\/wp-json\/wp\/v2\/types\/page"}],"author":[{"embeddable":true,"href":"http:\/\/www.sistemasmsc.com.mx\/index.php\/wp-json\/wp\/v2\/users\/1"}],"replies":[{"embeddable":true,"href":"http:\/\/www.sistemasmsc.com.mx\/index.php\/wp-json\/wp\/v2\/comments?post=763"}],"version-history":[{"count":19,"href":"http:\/\/www.sistemasmsc.com.mx\/index.php\/wp-json\/wp\/v2\/pages\/763\/revisions"}],"predecessor-version":[{"id":1123,"href":"http:\/\/www.sistemasmsc.com.mx\/index.php\/wp-json\/wp\/v2\/pages\/763\/revisions\/1123"}],"wp:attachment":[{"href":"http:\/\/www.sistemasmsc.com.mx\/index.php\/wp-json\/wp\/v2\/media?parent=763"}],"curies":[{"name":"wp","href":"https:\/\/api.w.org\/{rel}","templated":true}]}}