{"id":1073,"date":"2021-07-26T00:22:57","date_gmt":"2021-07-26T00:22:57","guid":{"rendered":"http:\/\/www.sistemasmsc.com.mx\/?page_id=1073"},"modified":"2025-09-25T05:26:55","modified_gmt":"2025-09-25T05:26:55","slug":"gobernanza","status":"publish","type":"page","link":"http:\/\/www.sistemasmsc.com.mx\/index.php\/gobernanza\/","title":{"rendered":"Gobernanza"},"content":{"rendered":"<h2>P\u00e1ginas gubernamentales de M\u00e9xico<\/h2>\n<p>Ponemos a tu disposici\u00f3n algunos enlaces \u00fatiles proporcionados por el gobierno de M\u00e9xico para uso de sus ciudadanos.<\/p>\n<p>\t\t\t\t\t\t\t\t\t\t\t\t\t\t<a href=\"https:\/\/www.gob.mx\/ActaNacimiento\/\" target=\"_blank\" rel=\"noopener\"><br \/>\n\t\t\t\t\t\t\t<img fetchpriority=\"high\" decoding=\"async\" width=\"640\" height=\"400\" src=\"http:\/\/www.sistemasmsc.com.mx\/wp-content\/uploads\/2021\/07\/Gobernanza-MSC1-1024x640.jpg\" alt=\"\" srcset=\"http:\/\/www.sistemasmsc.com.mx\/wp-content\/uploads\/2021\/07\/Gobernanza-MSC1-1024x640.jpg 1024w, http:\/\/www.sistemasmsc.com.mx\/wp-content\/uploads\/2021\/07\/Gobernanza-MSC1-300x188.jpg 300w, http:\/\/www.sistemasmsc.com.mx\/wp-content\/uploads\/2021\/07\/Gobernanza-MSC1-768x480.jpg 768w, http:\/\/www.sistemasmsc.com.mx\/wp-content\/uploads\/2021\/07\/Gobernanza-MSC1.jpg 1200w\" sizes=\"(max-width: 640px) 100vw, 640px\" \/>\t\t\t\t\t\t\t\t<\/a><\/p>\n<p>Obt\u00e9n t\u00fa <a href=\"https:\/\/www.gob.mx\/ActaNacimiento\/\" target=\"_blank\" rel=\"noopener\">Acta<\/a> de Nacimiento en l\u00ednea.<\/p>\n<p>\t\t\t\t\t\t\t\t\t\t\t\t\t\t<a href=\"https:\/\/www.gob.mx\/curp\/\" target=\"_blank\" rel=\"noopener\"><br \/>\n\t\t\t\t\t\t\t<img decoding=\"async\" width=\"640\" height=\"363\" src=\"http:\/\/www.sistemasmsc.com.mx\/wp-content\/uploads\/2022\/01\/curp.jpg\" alt=\"\" srcset=\"http:\/\/www.sistemasmsc.com.mx\/wp-content\/uploads\/2022\/01\/curp.jpg 1024w, http:\/\/www.sistemasmsc.com.mx\/wp-content\/uploads\/2022\/01\/curp-300x170.jpg 300w, http:\/\/www.sistemasmsc.com.mx\/wp-content\/uploads\/2022\/01\/curp-768x436.jpg 768w\" sizes=\"(max-width: 640px) 100vw, 640px\" \/>\t\t\t\t\t\t\t\t<\/a><\/p>\n<p>Obtener <a href=\"https:\/\/www.gob.mx\/curp\/\" target=\"_blank\" rel=\"noopener\">CURP<\/a>.<\/p>\n<p>\t\t\t\t\t\t\t\t\t\t\t\t\t\t<a href=\"https:\/\/www.cloudb.sat.gob.mx\/datos_fiscales\/\" target=\"_blank\" rel=\"noopener\"><br \/>\n\t\t\t\t\t\t\t<img decoding=\"async\" width=\"640\" height=\"384\" src=\"http:\/\/www.sistemasmsc.com.mx\/wp-content\/uploads\/2022\/01\/RFC.jpg\" alt=\"\" srcset=\"http:\/\/www.sistemasmsc.com.mx\/wp-content\/uploads\/2022\/01\/RFC.jpg 1000w, http:\/\/www.sistemasmsc.com.mx\/wp-content\/uploads\/2022\/01\/RFC-300x180.jpg 300w, http:\/\/www.sistemasmsc.com.mx\/wp-content\/uploads\/2022\/01\/RFC-768x461.jpg 768w\" sizes=\"(max-width: 640px) 100vw, 640px\" \/>\t\t\t\t\t\t\t\t<\/a><\/p>\n<p>Consultar\u00a0<a href=\"https:\/\/www.cloudb.sat.gob.mx\/datos_fiscales\/\" target=\"_blank\" rel=\"noopener\">RFC<\/a>\u00a0si ya estas inscrito ante el SAT<\/p>\n","protected":false},"excerpt":{"rendered":"<p>P\u00e1ginas gubernamentales de M\u00e9xico Ponemos a tu disposici\u00f3n algunos enlaces \u00fatiles proporcionados por el gobierno de M\u00e9xico para uso de sus ciudadanos. Obt\u00e9n t\u00fa Acta de Nacimiento en l\u00ednea. Obtener CURP. Consultar\u00a0RFC\u00a0si ya estas inscrito ante el SAT<\/p>\n","protected":false},"author":1,"featured_media":0,"parent":0,"menu_order":0,"comment_status":"closed","ping_status":"closed","template":"","meta":{"footnotes":""},"class_list":["post-1073","page","type-page","status-publish","hentry"],"_links":{"self":[{"href":"http:\/\/www.sistemasmsc.com.mx\/index.php\/wp-json\/wp\/v2\/pages\/1073"}],"collection":[{"href":"http:\/\/www.sistemasmsc.com.mx\/index.php\/wp-json\/wp\/v2\/pages"}],"about":[{"href":"http:\/\/www.sistemasmsc.com.mx\/index.php\/wp-json\/wp\/v2\/types\/page"}],"author":[{"embeddable":true,"href":"http:\/\/www.sistemasmsc.com.mx\/index.php\/wp-json\/wp\/v2\/users\/1"}],"replies":[{"embeddable":true,"href":"http:\/\/www.sistemasmsc.com.mx\/index.php\/wp-json\/wp\/v2\/comments?post=1073"}],"version-history":[{"count":31,"href":"http:\/\/www.sistemasmsc.com.mx\/index.php\/wp-json\/wp\/v2\/pages\/1073\/revisions"}],"predecessor-version":[{"id":1132,"href":"http:\/\/www.sistemasmsc.com.mx\/index.php\/wp-json\/wp\/v2\/pages\/1073\/revisions\/1132"}],"wp:attachment":[{"href":"http:\/\/www.sistemasmsc.com.mx\/index.php\/wp-json\/wp\/v2\/media?parent=1073"}],"curies":[{"name":"wp","href":"https:\/\/api.w.org\/{rel}","templated":true}]}}